{"id":3491,"date":"2020-02-07T02:16:32","date_gmt":"2020-02-07T02:16:32","guid":{"rendered":"https:\/\/demo.casethemes.net\/consultio-medical\/?page_id=3491"},"modified":"2025-09-02T13:22:55","modified_gmt":"2025-09-02T10:22:55","slug":"about-dgh","status":"publish","type":"page","link":"https:\/\/checkupway.com\/index.php\/about-dgh\/","title":{"rendered":"D\u00fcnyag\u00f6z"},"content":{"rendered":"\t\t<div data-elementor-type=\"wp-page\" data-elementor-id=\"3491\" class=\"elementor elementor-3491\">\n\t\t\t\t\t\t\t        <section class=\"elementor-section elementor-top-section elementor-element elementor-element-40fd8216 elementor-section-boxed elementor-section-height-default elementor-section-height-default ct-header-fixed-none ct-row-max-none\" data-id=\"40fd8216\" data-element_type=\"section\">\n            \n                        <div class=\"elementor-container elementor-column-gap-extended \">\n                    <div class=\"elementor-column elementor-col-50 elementor-top-column elementor-element elementor-element-2a114ffb\" data-id=\"2a114ffb\" data-element_type=\"column\">\n            <div class=\"elementor-widget-wrap elementor-element-populated\">\n                        \t\t<div class=\"elementor-element elementor-element-e7c34af elementor-widget elementor-widget-ct_heading\" data-id=\"e7c34af\" data-element_type=\"widget\" data-widget_type=\"ct_heading.default\">\n\t\t\t\t<div class=\"elementor-widget-container\">\n\t\t\t<div id=\"ct_heading-e7c34af\" class=\"ct-heading h-align- sub-style2 ct-heading-left item-st-default\">\r\n\t<div class=\"ct-inline-css\"  data-css=\"\r\n        \">\r\n    <\/div>\r\n    \t\t<div class=\"item--sub-title style2 show-line\">\r\n                        About us                                            <\/div>\r\n\t    <h3 class=\"item--title st-default wow wow fadeInUp\" data-wow-delay=\"ms\">\r\n                <span class=\"sp-main\">\r\n            \r\n            D\u00fcnyag\u00f6z\r\n            \r\n                    <\/span>\r\n            <\/h3>\r\n<\/div>\t\t<\/div>\n\t\t\t\t<\/div>\n\t\t\t\t<div class=\"elementor-element elementor-element-d2f2964 elementor-widget elementor-widget-spacer\" data-id=\"d2f2964\" data-element_type=\"widget\" data-widget_type=\"spacer.default\">\n\t\t\t\t<div class=\"elementor-widget-container\">\n\t\t\t<style>\/*! elementor - v3.6.4 - 13-04-2022 *\/\n.e-container.e-container--row .elementor-spacer-inner{width:var(--spacer-size)}.e-container.e-container--column .elementor-spacer-inner,.elementor-column .elementor-spacer-inner{height:var(--spacer-size)}<\/style>\t\t<div class=\"elementor-spacer\">\n\t\t\t<div class=\"elementor-spacer-inner\"><\/div>\n\t\t<\/div>\n\t\t\t\t<\/div>\n\t\t\t\t<\/div>\n\t\t            <\/div>\n        <\/div>\n                <div class=\"elementor-column elementor-col-50 elementor-top-column elementor-element elementor-element-431858c4\" data-id=\"431858c4\" data-element_type=\"column\">\n            <div class=\"elementor-widget-wrap elementor-element-populated\">\n                        \t\t<div class=\"elementor-element elementor-element-160cdc54 wow fadeInRight elementor-widget elementor-widget-image\" data-id=\"160cdc54\" data-element_type=\"widget\" data-widget_type=\"image.default\">\n\t\t\t\t<div class=\"elementor-widget-container\">\n\t\t\t<style>\/*! elementor - v3.6.4 - 13-04-2022 *\/\n.elementor-widget-image{text-align:center}.elementor-widget-image a{display:inline-block}.elementor-widget-image a img[src$=\".svg\"]{width:48px}.elementor-widget-image img{vertical-align:middle;display:inline-block}<\/style>\t\t\t\t\t\t\t\t\t\t\t\t<img decoding=\"async\" width=\"331\" height=\"69\" src=\"https:\/\/checkupway.com\/wp-content\/uploads\/2025\/09\/e44db623-4bae-40f1-a820-8e34aa48a2ab_ada156bb-4640-4bc1-85f6-794f8f7c9710_logo_big_en.jpg\" class=\"attachment-full size-full\" alt=\"\" srcset=\"https:\/\/checkupway.com\/wp-content\/uploads\/2025\/09\/e44db623-4bae-40f1-a820-8e34aa48a2ab_ada156bb-4640-4bc1-85f6-794f8f7c9710_logo_big_en.jpg 331w, https:\/\/checkupway.com\/wp-content\/uploads\/2025\/09\/e44db623-4bae-40f1-a820-8e34aa48a2ab_ada156bb-4640-4bc1-85f6-794f8f7c9710_logo_big_en-300x63.jpg 300w\" sizes=\"(max-width: 331px) 100vw, 331px\" \/>\t\t\t\t\t\t\t\t\t\t\t\t\t\t\t<\/div>\n\t\t\t\t<\/div>\n\t\t            <\/div>\n        <\/div>\n                            <\/div>\n        <\/section>\n                <section class=\"elementor-section elementor-top-section elementor-element elementor-element-271a828 elementor-section-boxed elementor-section-height-default elementor-section-height-default ct-header-fixed-none ct-row-max-none\" data-id=\"271a828\" data-element_type=\"section\">\n            \n                        <div class=\"elementor-container elementor-column-gap-extended \">\n                    <div class=\"elementor-column elementor-col-100 elementor-top-column elementor-element elementor-element-216aa41\" data-id=\"216aa41\" data-element_type=\"column\">\n            <div class=\"elementor-widget-wrap elementor-element-populated\">\n                                <section class=\"elementor-section elementor-inner-section elementor-element elementor-element-bd79acf elementor-section-content-middle elementor-section-boxed elementor-section-height-default elementor-section-height-default ct-header-fixed-none ct-row-max-none\" data-id=\"bd79acf\" data-element_type=\"section\">\n            \n                        <div class=\"elementor-container elementor-column-gap-extended \">\n                    <div class=\"elementor-column elementor-col-100 elementor-inner-column elementor-element elementor-element-ebf2f68\" data-id=\"ebf2f68\" data-element_type=\"column\">\n            <div class=\"elementor-widget-wrap elementor-element-populated\">\n                        \t\t<div class=\"elementor-element elementor-element-1e183e09 wow fadeInRight elementor-widget elementor-widget-text-editor\" data-id=\"1e183e09\" data-element_type=\"widget\" data-widget_type=\"text-editor.default\">\n\t\t\t\t<div class=\"elementor-widget-container\">\n\t\t\t<style>\/*! elementor - v3.6.4 - 13-04-2022 *\/\n.elementor-widget-text-editor.elementor-drop-cap-view-stacked .elementor-drop-cap{background-color:#818a91;color:#fff}.elementor-widget-text-editor.elementor-drop-cap-view-framed .elementor-drop-cap{color:#818a91;border:3px solid;background-color:transparent}.elementor-widget-text-editor:not(.elementor-drop-cap-view-default) .elementor-drop-cap{margin-top:8px}.elementor-widget-text-editor:not(.elementor-drop-cap-view-default) .elementor-drop-cap-letter{width:1em;height:1em}.elementor-widget-text-editor .elementor-drop-cap{float:left;text-align:center;line-height:1;font-size:50px}.elementor-widget-text-editor .elementor-drop-cap-letter{display:inline-block}<\/style>\t\t\t\t<p>Initiating its services in 1996, D\u00fcnyag\u00f6z Hospitals Group brings solutions to all kinds of problems related to ocular and periocular health with 500 of different treatment methods provided in all eye-related branches. Beginning a new era with branch hospital services in Turkey, D\u00fcnyag\u00f6z Hospitals Group provides its health services both domestically and internationally at a total of 31 different locations with 8000 policlinics and 1000 surgical operations.<\/p><p>D\u00fcnyag\u00f6z has become the medical reference center of the world within a short time, with technology, its medical staff of 350 members consisting of lecturers and specialists, and its staff of 3,500 employees.<\/p><p>D\u00fcnyag\u00f6z Hospitals Group offers eye-care services with 21 branches in 11 provinces throughout Turkey\u2019s central Anatolia, it\u2019s north, south and west, and also provides services in 10 different international locations in Frankfurt and K\u00f6ln, Germany; in Tbilisi, Georgia; in Baku, Azerbaijan; in Bishkek, Kyrgyzstan; in Sarajevo, Bosnia-Herzegovina and Pristina, Kosovo, as well as in Bulgaria and Romania. Intending to expand its operations to an even wider region with 2024 while maintaining the pace of its investments and leading the health tourism activities in Turkey, the Group offers services for approximately 120,000 patients a year from 167 foreign countries around the world.<br \/>D\u00fcnyag\u00f6z is intending to continue its investments abroad at the same pace and aims to expand to a wider geography with the arrival of 2024. By taking the lead in medical tourism in Turkey and serving an average of 120 thousand patients from 167 different foreign countries of the world annually, D\u00fcnyag\u00f6z has been awarded Turkey&#8217;s \u201c500 Top Service Exporter\u201d Certificate of Achievement. D\u00fcnyag\u00f6z aims to increase the volume of health tourism with its new breakthroughs abroad in 2024.<\/p>\t\t\t\t\t\t<\/div>\n\t\t\t\t<\/div>\n\t\t            <\/div>\n        <\/div>\n                            <\/div>\n        <\/section>\n                    <\/div>\n        <\/div>\n                            <\/div>\n        <\/section>\n                <section class=\"elementor-section elementor-top-section elementor-element elementor-element-df7337f elementor-section-boxed elementor-section-height-default elementor-section-height-default ct-header-fixed-none ct-row-max-none\" data-id=\"df7337f\" data-element_type=\"section\">\n            \n                        <div class=\"elementor-container elementor-column-gap-extended \">\n                    <div class=\"elementor-column elementor-col-33 elementor-top-column elementor-element elementor-element-86ad0f4\" data-id=\"86ad0f4\" data-element_type=\"column\">\n            <div class=\"elementor-widget-wrap elementor-element-populated\">\n                        \t\t<div class=\"elementor-element elementor-element-aa448de elementor-widget elementor-widget-ct_fancy_box\" data-id=\"aa448de\" data-element_type=\"widget\" data-widget_type=\"ct_fancy_box.default\">\n\t\t\t\t<div class=\"elementor-widget-container\">\n\t\t\t<div class=\"ct-fancy-box ct-fancy-box-layout1 style1 \" data-wow-delay=\"ms\">\r\n            <div class=\"item--icon\">\r\n            <span class=\"item--shape\"><\/span>\r\n            <i aria-hidden=\"true\" class=\"fas fa-map-marker-alt\"><\/i>                            <a class=\"item--link\" href=\"#\"><\/a>\r\n                    <\/div>\r\n            <div class=\"item--holder\">\r\n                    <h3 class=\"item--title\">\r\n                Address:            <\/h3>\r\n                <div class=\"item--description\"><img src=https:\/\/checkupway.com\/wp-content\/uploads\/2025\/09\/Ekran-goruntusu-2025-09-02-132117.png\" alt=\"\" \/>\n<\/div>\r\n    <\/div>\r\n<\/div>\t\t<\/div>\n\t\t\t\t<\/div>\n\t\t            <\/div>\n        <\/div>\n                <div class=\"elementor-column elementor-col-33 elementor-top-column elementor-element elementor-element-9dba0b6\" data-id=\"9dba0b6\" data-element_type=\"column\">\n            <div class=\"elementor-widget-wrap elementor-element-populated\">\n                        \t\t<div class=\"elementor-element elementor-element-9e424d5 elementor-widget elementor-widget-ct_fancy_box\" data-id=\"9e424d5\" data-element_type=\"widget\" data-widget_type=\"ct_fancy_box.default\">\n\t\t\t\t<div class=\"elementor-widget-container\">\n\t\t\t<div class=\"ct-fancy-box ct-fancy-box-layout1 style1 \" data-wow-delay=\"ms\">\r\n            <div class=\"item--icon\">\r\n            <span class=\"item--shape\"><\/span>\r\n            <i aria-hidden=\"true\" class=\"fas fa-phone-alt\"><\/i>                            <a class=\"item--link\" href=\"tel:+908502224469   \"><\/a>\r\n                    <\/div>\r\n            <div class=\"item--holder\">\r\n                    <h3 class=\"item--title\">\r\n                Phone :            <\/h3>\r\n                <div class=\"item--description\">+90 850 222 44 69   <\/div>\r\n    <\/div>\r\n<\/div>\t\t<\/div>\n\t\t\t\t<\/div>\n\t\t            <\/div>\n        <\/div>\n                <div class=\"elementor-column elementor-col-33 elementor-top-column elementor-element elementor-element-a20dfb4\" data-id=\"a20dfb4\" data-element_type=\"column\">\n            <div class=\"elementor-widget-wrap elementor-element-populated\">\n                        \t\t<div class=\"elementor-element elementor-element-2c807c2 elementor-widget elementor-widget-ct_fancy_box\" data-id=\"2c807c2\" data-element_type=\"widget\" data-widget_type=\"ct_fancy_box.default\">\n\t\t\t\t<div class=\"elementor-widget-container\">\n\t\t\t<div class=\"ct-fancy-box ct-fancy-box-layout1 style3 wow fadeIn\" data-wow-delay=\"ms\">\r\n            <div class=\"item--icon\">\r\n            <span class=\"item--shape\"><\/span>\r\n            <i aria-hidden=\"true\" class=\"fas fa-envelope\"><\/i>                            <a class=\"item--link\" href=\"mailto:info@checkupway.com\"><\/a>\r\n                    <\/div>\r\n            <div class=\"item--holder\">\r\n                    <h3 class=\"item--title\">\r\n                E-Mail            <\/h3>\r\n                <div class=\"item--description\">info@dunyagoz.com<\/div>\r\n    <\/div>\r\n<\/div>\t\t<\/div>\n\t\t\t\t<\/div>\n\t\t            <\/div>\n        <\/div>\n                            <\/div>\n        <\/section>\n        \t\t\t\t\t<\/div>\n\t\t","protected":false},"excerpt":{"rendered":"<p>About us D\u00fcnyag\u00f6z Initiating its services in 1996, D\u00fcnyag\u00f6z Hospitals Group brings solutions to all kinds of problems related to ocular and periocular health with 500 of different treatment methods provided in all eye-related branches. Beginning a new era with branch hospital services in Turkey, D\u00fcnyag\u00f6z Hospitals Group provides its health services both domestically and [&hellip;]<\/p>\n","protected":false},"author":1,"featured_media":0,"parent":0,"menu_order":0,"comment_status":"closed","ping_status":"closed","template":"","meta":{"footnotes":""},"class_list":["post-3491","page","type-page","status-publish","hentry"],"_links":{"self":[{"href":"https:\/\/checkupway.com\/index.php\/wp-json\/wp\/v2\/pages\/3491","targetHints":{"allow":["GET"]}}],"collection":[{"href":"https:\/\/checkupway.com\/index.php\/wp-json\/wp\/v2\/pages"}],"about":[{"href":"https:\/\/checkupway.com\/index.php\/wp-json\/wp\/v2\/types\/page"}],"author":[{"embeddable":true,"href":"https:\/\/checkupway.com\/index.php\/wp-json\/wp\/v2\/users\/1"}],"replies":[{"embeddable":true,"href":"https:\/\/checkupway.com\/index.php\/wp-json\/wp\/v2\/comments?post=3491"}],"version-history":[{"count":7,"href":"https:\/\/checkupway.com\/index.php\/wp-json\/wp\/v2\/pages\/3491\/revisions"}],"predecessor-version":[{"id":10506,"href":"https:\/\/checkupway.com\/index.php\/wp-json\/wp\/v2\/pages\/3491\/revisions\/10506"}],"wp:attachment":[{"href":"https:\/\/checkupway.com\/index.php\/wp-json\/wp\/v2\/media?parent=3491"}],"curies":[{"name":"wp","href":"https:\/\/api.w.org\/{rel}","templated":true}]}}