{"id":26,"date":"2019-10-30T08:04:23","date_gmt":"2019-10-30T08:04:23","guid":{"rendered":"https:\/\/demo.casethemes.net\/consultio-medical\/?page_id=26"},"modified":"2023-09-12T04:05:14","modified_gmt":"2023-09-12T01:05:14","slug":"hakkimizda","status":"publish","type":"page","link":"https:\/\/checkupway.com\/index.php\/hakkimizda\/","title":{"rendered":"Hakk\u0131m\u0131zda"},"content":{"rendered":"\t\t<div data-elementor-type=\"wp-page\" data-elementor-id=\"26\" class=\"elementor elementor-26\">\n\t\t\t\t\t\t\t        <section class=\"elementor-section elementor-top-section elementor-element elementor-element-bf4d915 elementor-section-boxed elementor-section-height-default elementor-section-height-default ct-header-fixed-none ct-row-max-none\" data-id=\"bf4d915\" data-element_type=\"section\">\n            \n                        <div class=\"elementor-container elementor-column-gap-extended \">\n                    <div class=\"elementor-column elementor-col-50 elementor-top-column elementor-element elementor-element-5282614\" data-id=\"5282614\" data-element_type=\"column\">\n            <div class=\"elementor-widget-wrap elementor-element-populated\">\n                        \t\t<div class=\"elementor-element elementor-element-9d091b6 elementor-widget elementor-widget-ct_heading\" data-id=\"9d091b6\" data-element_type=\"widget\" data-widget_type=\"ct_heading.default\">\n\t\t\t\t<div class=\"elementor-widget-container\">\n\t\t\t<div id=\"ct_heading-9d091b6\" class=\"ct-heading h-align- sub- ct-heading-left item-st-line-left1\">\r\n\t<div class=\"ct-inline-css\"  data-css=\"\r\n        \">\r\n    <\/div>\r\n        <h3 class=\"item--title st-line-left1 case-animate-time\" data-wow-delay=\"ms\">\r\n                <span class=\"sp-main\">\r\n                            <i><\/i>\r\n            \r\n            Hakkm\u0131zda\r\n            \r\n                    <\/span>\r\n            <\/h3>\r\n<\/div>\t\t<\/div>\n\t\t\t\t<\/div>\n\t\t        <section class=\"elementor-section elementor-inner-section elementor-element elementor-element-6b326e2 elementor-section-boxed elementor-section-height-default elementor-section-height-default ct-header-fixed-none ct-row-max-none\" data-id=\"6b326e2\" data-element_type=\"section\">\n            \n                        <div class=\"elementor-container elementor-column-gap-extended \">\n                    <div class=\"elementor-column elementor-col-100 elementor-inner-column elementor-element elementor-element-71555f1\" data-id=\"71555f1\" data-element_type=\"column\">\n            <div class=\"elementor-widget-wrap elementor-element-populated\">\n                        \t\t<div class=\"elementor-element elementor-element-176c3a2 elementor-widget elementor-widget-text-editor\" data-id=\"176c3a2\" data-element_type=\"widget\" data-widget_type=\"text-editor.default\">\n\t\t\t\t<div class=\"elementor-widget-container\">\n\t\t\t<style>\/*! elementor - v3.6.4 - 13-04-2022 *\/\n.elementor-widget-text-editor.elementor-drop-cap-view-stacked .elementor-drop-cap{background-color:#818a91;color:#fff}.elementor-widget-text-editor.elementor-drop-cap-view-framed .elementor-drop-cap{color:#818a91;border:3px solid;background-color:transparent}.elementor-widget-text-editor:not(.elementor-drop-cap-view-default) .elementor-drop-cap{margin-top:8px}.elementor-widget-text-editor:not(.elementor-drop-cap-view-default) .elementor-drop-cap-letter{width:1em;height:1em}.elementor-widget-text-editor .elementor-drop-cap{float:left;text-align:center;line-height:1;font-size:50px}.elementor-widget-text-editor .elementor-drop-cap-letter{display:inline-block}<\/style>\t\t\t\t<p>T\u00fcrkiye, Bat\u0131 ve Do\u011fu aras\u0131nda k\u00f6pr\u00fc olma rol\u00fcn\u00fc sadece ekonomi alan\u0131nda de\u011fil turizm gibi d\u00fcnyan\u0131n \u00e7e\u015fitli b\u00f6lgelerinden gelen insanlar\u0131n bulu\u015fma noktas\u0131 olarak da s\u00fcrd\u00fcrmektedir.<\/p><p>K\u00fcresel anlamda geli\u015fen seyahat ve ileti\u015fim hizmetleri dallar\u0131nda y\u00fcksek standartlar\u0131 yakalayan ve hayat\u0131n her alan\u0131na dokunabilen firmalar ve markalar i\u00e7in bu durum b\u00fcy\u00fck bir potansiyel bar\u0131nd\u0131rmaktad\u0131r.<\/p><p>Bu ba\u011flamda do\u011fal g\u00fczelliklerinin yan\u0131nda Sa\u011fl\u0131k Turizmi konu ba\u015fl\u0131\u011f\u0131 da T\u00fcrkiye i\u00e7in ciddi bir gelecek olu\u015fturmaktad\u0131r.<\/p><p>2019 y\u0131l\u0131ndan bu yana sa\u011fl\u0131k turizminde hizmet veren \u201cCheck Up Way\u201d firmas\u0131 olarak, T\u00fcrkiye\u2019nin hak etti\u011fi tan\u0131n\u0131rl\u0131\u011f\u0131 ve standartlar\u0131n\u0131 d\u00fcnyaya tan\u0131tma konusunda \u00e7al\u0131\u015fmalar\u0131m\u0131z\u0131 s\u00fcrd\u00fcrmekteyiz.<\/p><p>Profesyonel kadromuzla 2019 y\u0131l\u0131nda sa\u011fl\u0131k turizmi destinasyon y\u00f6netimi, dan\u0131\u015fmanl\u0131k ve e\u011fitim hedefleri ile kurulmu\u015f, klasik acente faaliyetlerini, sa\u011fl\u0131k \u2013 tedavi \u2013 rehabilitasyon s\u00fcre\u00e7leri ile en uyumlu paket programlar olu\u015fturup \u00fclkemizin turizm destinasyon yelpazesine sa\u011fl\u0131k turizmini ger\u00e7ek manada eklemeyi hedeflemektedir.<\/p><p>\u00a0<\/p>\t\t\t\t\t\t<\/div>\n\t\t\t\t<\/div>\n\t\t\t\t<div class=\"elementor-element elementor-element-596ae67 elementor-widget elementor-widget-text-editor\" data-id=\"596ae67\" data-element_type=\"widget\" data-widget_type=\"text-editor.default\">\n\t\t\t\t<div class=\"elementor-widget-container\">\n\t\t\t\t\t\t\t<div class=\"about-call\">Soru sormak i\u00e7in <a href=\"tel:+908502201721\"><strong>ARAYIN<\/strong> +90 850 220 17 21<\/a><\/div>\t\t\t\t\t\t<\/div>\n\t\t\t\t<\/div>\n\t\t\t\t<div class=\"elementor-element elementor-element-dffa2c1 elementor-widget elementor-widget-image\" data-id=\"dffa2c1\" data-element_type=\"widget\" data-widget_type=\"image.default\">\n\t\t\t\t<div class=\"elementor-widget-container\">\n\t\t\t<style>\/*! elementor - v3.6.4 - 13-04-2022 *\/\n.elementor-widget-image{text-align:center}.elementor-widget-image a{display:inline-block}.elementor-widget-image a img[src$=\".svg\"]{width:48px}.elementor-widget-image img{vertical-align:middle;display:inline-block}<\/style>\t\t\t\t\t\t\t\t\t\t\t\t<img decoding=\"async\" width=\"350\" height=\"1\" src=\"https:\/\/checkupway.com\/wp-content\/uploads\/2019\/12\/about-gap.png\" class=\"attachment-full size-full\" alt=\"\" srcset=\"https:\/\/checkupway.com\/wp-content\/uploads\/2019\/12\/about-gap.png 350w, https:\/\/checkupway.com\/wp-content\/uploads\/2019\/12\/about-gap-300x1.png 300w, https:\/\/checkupway.com\/wp-content\/uploads\/2019\/12\/about-gap-250x1.png 250w, https:\/\/checkupway.com\/wp-content\/uploads\/2019\/12\/about-gap-150x1.png 150w\" sizes=\"(max-width: 350px) 100vw, 350px\" \/>\t\t\t\t\t\t\t\t\t\t\t\t\t\t\t<\/div>\n\t\t\t\t<\/div>\n\t\t\t\t<div class=\"elementor-element elementor-element-41e6e03 elementor-widget elementor-widget-ct_signature\" data-id=\"41e6e03\" data-element_type=\"widget\" data-widget_type=\"ct_signature.default\">\n\t\t\t\t<div class=\"elementor-widget-container\">\n\t\t\t<div class=\"ct-signature1  style1\">\r\n\t        <div class=\"signature-image\">\r\n        \t<img decoding=\"async\" width=\"95\" height=\"85\" src=\"https:\/\/checkupway.com\/wp-content\/uploads\/2019\/12\/signature.png\" class=\"attachment-full\" alt=\"\" \/>        <\/div>\r\n        <div class=\"signature-meta\">\r\n    \t<h3>Kaan I\u015eIK<\/h3>\r\n    \t<span>Firma Yetkilisi<\/span>\r\n    <\/div>\r\n<\/div>\r\n\t\t<\/div>\n\t\t\t\t<\/div>\n\t\t            <\/div>\n        <\/div>\n                            <\/div>\n        <\/section>\n                    <\/div>\n        <\/div>\n                <div class=\"elementor-column elementor-col-50 elementor-top-column elementor-element elementor-element-07e4861\" data-id=\"07e4861\" data-element_type=\"column\">\n            <div class=\"elementor-widget-wrap elementor-element-populated\">\n                        \t\t<div class=\"elementor-element elementor-element-1548748 elementor-widget elementor-widget-image\" data-id=\"1548748\" data-element_type=\"widget\" data-widget_type=\"image.default\">\n\t\t\t\t<div class=\"elementor-widget-container\">\n\t\t\t\t\t\t\t\t\t\t\t\t\t\t\t<img decoding=\"async\" width=\"545\" height=\"464\" src=\"https:\/\/checkupway.com\/wp-content\/uploads\/2020\/02\/h4-about1.png\" class=\"attachment-full size-full\" alt=\"\" srcset=\"https:\/\/checkupway.com\/wp-content\/uploads\/2020\/02\/h4-about1.png 545w, https:\/\/checkupway.com\/wp-content\/uploads\/2020\/02\/h4-about1-300x255.png 300w\" sizes=\"(max-width: 545px) 100vw, 545px\" \/>\t\t\t\t\t\t\t\t\t\t\t\t\t\t\t<\/div>\n\t\t\t\t<\/div>\n\t\t\t\t<div class=\"elementor-element elementor-element-2377bc8 elementor-widget elementor-widget-image\" data-id=\"2377bc8\" data-element_type=\"widget\" data-widget_type=\"image.default\">\n\t\t\t\t<div class=\"elementor-widget-container\">\n\t\t\t\t\t\t\t\t\t\t\t\t\t\t\t<img decoding=\"async\" width=\"469\" height=\"85\" src=\"https:\/\/checkupway.com\/wp-content\/uploads\/2019\/10\/checkupway_logo.svg\" class=\"attachment-full size-full\" alt=\"\" \/>\t\t\t\t\t\t\t\t\t\t\t\t\t\t\t<\/div>\n\t\t\t\t<\/div>\n\t\t            <\/div>\n        <\/div>\n                            <\/div>\n        <\/section>\n                <section class=\"elementor-section elementor-top-section elementor-element elementor-element-3328b5d elementor-section-boxed elementor-section-height-default elementor-section-height-default ct-header-fixed-none ct-row-max-none\" data-id=\"3328b5d\" data-element_type=\"section\">\n            \n                        <div class=\"elementor-container elementor-column-gap-extended \">\n                    <div class=\"elementor-column elementor-col-100 elementor-top-column elementor-element elementor-element-2933d62\" data-id=\"2933d62\" data-element_type=\"column\">\n            <div class=\"elementor-widget-wrap elementor-element-populated\">\n                                <section class=\"elementor-section elementor-inner-section elementor-element elementor-element-b7c7989 elementor-section-content-middle elementor-section-boxed elementor-section-height-default elementor-section-height-default ct-header-fixed-none ct-row-max-none\" data-id=\"b7c7989\" data-element_type=\"section\">\n            \n                        <div class=\"elementor-container elementor-column-gap-extended \">\n                    <div class=\"elementor-column elementor-col-50 elementor-inner-column elementor-element elementor-element-0f1e849\" data-id=\"0f1e849\" data-element_type=\"column\">\n            <div class=\"elementor-widget-wrap elementor-element-populated\">\n                        \t\t<div class=\"elementor-element elementor-element-4cae67e elementor-widget elementor-widget-ct_heading\" data-id=\"4cae67e\" data-element_type=\"widget\" data-widget_type=\"ct_heading.default\">\n\t\t\t\t<div class=\"elementor-widget-container\">\n\t\t\t<div id=\"ct_heading-4cae67e\" class=\"ct-heading h-align- sub- ct-heading-left item-st-line-left1\">\r\n\t<div class=\"ct-inline-css\"  data-css=\"\r\n        \">\r\n    <\/div>\r\n        <h5 class=\"item--title st-line-left1 case-animate-time\" data-wow-delay=\"ms\">\r\n                <span class=\"sp-main\">\r\n                            <i><\/i>\r\n            \r\n            Hedeflerimize y\u00fcr\u00fcrken T\u00fcrkiye\u2019nin alan\u0131nda \u00fcn yapm\u0131\u015f g\u00fc\u00e7l\u00fc ve g\u00fcvenilir sa\u011fl\u0131k kurumlar\u0131 ile i\u015fbirli\u011fi yapmaktay\u0131z.\n\r\n            \r\n                    <\/span>\r\n            <\/h5>\r\n<\/div>\t\t<\/div>\n\t\t\t\t<\/div>\n\t\t            <\/div>\n        <\/div>\n                <div class=\"elementor-column elementor-col-50 elementor-inner-column elementor-element elementor-element-0399c33\" data-id=\"0399c33\" data-element_type=\"column\">\n            <div class=\"elementor-widget-wrap elementor-element-populated\">\n                        \t\t<div class=\"elementor-element elementor-element-83f630e elementor-widget elementor-widget-text-editor\" data-id=\"83f630e\" data-element_type=\"widget\" data-widget_type=\"text-editor.default\">\n\t\t\t\t<div class=\"elementor-widget-container\">\n\t\t\t\t\t\t\t<p><br \/>\u00dclkemizin, antik \u00e7a\u011flardan beri var olan ancak zamanla unutulmaya y\u00fcz tutmu\u015f, g\u00f6lgede kalm\u0131\u015f do\u011fal sa\u011fl\u0131k merkezi \u00f6zelli\u011fini d\u00fcnyaya yeniden hat\u0131rlatmak ana hedefimizdir.<\/p>\t\t\t\t\t\t<\/div>\n\t\t\t\t<\/div>\n\t\t            <\/div>\n        <\/div>\n                            <\/div>\n        <\/section>\n        \t\t<div class=\"elementor-element elementor-element-584b9d6 elementor-widget elementor-widget-ct_service_grid\" data-id=\"584b9d6\" data-element_type=\"widget\" data-widget_type=\"ct_service_grid.default\">\n\t\t\t\t<div class=\"elementor-widget-container\">\n\t\t\t\r\n<div id=\"ct_service_grid-584b9d6\" class=\"ct-grid ct-service-grid2\" data-layout=\"masonry\" data-start-page=\"1\" data-max-pages=\"0\" data-total=\"0\" data-perpage=\"4\" data-next-link=\"https:\/\/checkupway.com\/index.php\/wp-json\/wp\/v2\/pages\/26\/page\/2\/\">\r\n    <div class=\"ct-grid-overlay\"><\/div>\r\n    \r\n    <div class=\"ct-grid-inner ct-grid-masonry row animate-time\" data-gutter=\"15\">\r\n                            <div class=\"grid-sizer col-xl-3 col-lg-3 col-md-6 col-sm-6 col-12\"><\/div>\r\n            <\/div>\r\n        <\/div>\t\t<\/div>\n\t\t\t\t<\/div>\n\t\t            <\/div>\n        <\/div>\n                            <\/div>\n        <\/section>\n        \t\t\t\t\t<\/div>\n\t\t","protected":false},"excerpt":{"rendered":"<p>Hakkm\u0131zda T\u00fcrkiye, Bat\u0131 ve Do\u011fu aras\u0131nda k\u00f6pr\u00fc olma rol\u00fcn\u00fc sadece ekonomi alan\u0131nda de\u011fil turizm gibi d\u00fcnyan\u0131n \u00e7e\u015fitli b\u00f6lgelerinden gelen insanlar\u0131n bulu\u015fma noktas\u0131 olarak da s\u00fcrd\u00fcrmektedir. K\u00fcresel anlamda geli\u015fen seyahat ve ileti\u015fim hizmetleri dallar\u0131nda y\u00fcksek standartlar\u0131 yakalayan ve hayat\u0131n her alan\u0131na dokunabilen firmalar ve markalar i\u00e7in bu durum b\u00fcy\u00fck bir potansiyel bar\u0131nd\u0131rmaktad\u0131r. Bu ba\u011flamda do\u011fal g\u00fczelliklerinin [&hellip;]<\/p>\n","protected":false},"author":1,"featured_media":0,"parent":0,"menu_order":0,"comment_status":"closed","ping_status":"closed","template":"","meta":{"footnotes":""},"class_list":["post-26","page","type-page","status-publish","hentry"],"_links":{"self":[{"href":"https:\/\/checkupway.com\/index.php\/wp-json\/wp\/v2\/pages\/26","targetHints":{"allow":["GET"]}}],"collection":[{"href":"https:\/\/checkupway.com\/index.php\/wp-json\/wp\/v2\/pages"}],"about":[{"href":"https:\/\/checkupway.com\/index.php\/wp-json\/wp\/v2\/types\/page"}],"author":[{"embeddable":true,"href":"https:\/\/checkupway.com\/index.php\/wp-json\/wp\/v2\/users\/1"}],"replies":[{"embeddable":true,"href":"https:\/\/checkupway.com\/index.php\/wp-json\/wp\/v2\/comments?post=26"}],"version-history":[{"count":16,"href":"https:\/\/checkupway.com\/index.php\/wp-json\/wp\/v2\/pages\/26\/revisions"}],"predecessor-version":[{"id":6125,"href":"https:\/\/checkupway.com\/index.php\/wp-json\/wp\/v2\/pages\/26\/revisions\/6125"}],"wp:attachment":[{"href":"https:\/\/checkupway.com\/index.php\/wp-json\/wp\/v2\/media?parent=26"}],"curies":[{"name":"wp","href":"https:\/\/api.w.org\/{rel}","templated":true}]}}